{"id":503,"date":"2014-02-28T05:31:04","date_gmt":"2014-02-28T05:31:04","guid":{"rendered":"http:\/\/192.232.247.118\/imithemes.com\/dev\/native-church\/?page_id=5"},"modified":"2026-04-02T07:49:30","modified_gmt":"2026-04-02T07:49:30","slug":"home","status":"publish","type":"page","link":"https:\/\/www.indien-institut.de\/cms\/","title":{"rendered":"Home"},"content":{"rendered":"\n<p class=\"has-text-align-right\"><a href=\"https:\/\/www.indien-institut.de\/cms\/\" data-type=\"link\" data-id=\"https:\/\/www.indien-institut.de\/cms\/\">DE<\/a> <a href=\"https:\/\/www.indien-institut.de\/cms\/home-en\/\" data-type=\"link\" data-id=\"https:\/\/www.indien-institut.de\/cms\/home-en\/\">EN<\/a><\/p>\n\n\n\n\n\n<div class=\"wp-block-group\"><div class=\"wp-block-group__inner-container is-layout-constrained wp-block-group-is-layout-constrained\">\n<div class=\"wp-block-buttons is-layout-flex wp-block-buttons-is-layout-flex\">\n<div class=\"wp-block-button\"><a class=\"wp-block-button__link wp-element-button\" href=\"https:\/\/www.indien-institut.de\/cms\/mitglied-werden\/\" target=\"_blank\" rel=\"noopener\">MITGLIED WERDEN <\/a><\/div>\n\n\n\n<div class=\"wp-block-button\"><a class=\"wp-block-button__link wp-element-button\" href=\"https:\/\/www.indien-institut.de\/cms\/mitwirken\/\">EHRENAMT<\/a><\/div>\n<\/div>\n\n\n\n<div class=\"wp-block-buttons is-layout-flex wp-block-buttons-is-layout-flex\">\n<style>\n  .sticky-spenden-button {\n    position: fixed;\n    bottom: 20px;\n    right: 20px;\n    z-index: 9999;\n  }\n  .spenden-button {\n    background-color: #d35400; \/* Orange-Rot *\/\n    color: white;\n    padding: 12px 24px;\n    border-radius: 8px;\n    text-decoration: none;\n    font-weight: bold;\n    font-size: 1.1em;\n    box-shadow: 0 4px 8px rgba(0,0,0,0.2);\n    transition: background-color 0.3s ease, color 0.3s ease, transform 0.2s ease;\n  }\n  .spenden-button:hover {\n    background-color: #a84300;\n    color: #ffe6cc;\n    transform: scale(1.05);\n  }\n<\/style>\n<div class=\"sticky-spenden-button\">\n  <a class=\"spenden-button\" href=\"https:\/\/www.indien-institut.de\/cms\/spenden\/\" target=\"_blank\" rel=\"noopener\">\n  \u2b50JETZT SPENDEN\n  <\/a>\n<\/div>\n<\/div>\n<\/div><\/div>\n\n\n\n<div style=\"height:33px\" aria-hidden=\"true\" class=\"wp-block-spacer\"><\/div>\n\n\n\n<h2 class=\"wp-block-heading\"><strong>INDIEN-INSTITUT IN M\u00dcNCHEN<\/strong><\/h2>\n\n\n\n<p>Das Indien-Institut ist die \u00e4lteste, dem deutsch-indischen Kulturaustausch verpflichtete Organisation ihrer Art in Deutschland. Im Jahre 1929 wurde der Verein als Institute for Cultural Relations\/Indischer Ausschuss bei der Deutschen Akademie, mit Sitz im Maximilianeum, M\u00fcnchen, gegr\u00fcndet. Die Kriegszeit unterbrach die Aktivit\u00e4ten. 1946 wurde die Arbeit wieder aufgenommen. Der Verein wird seit 1960 mit neuer Rechtsform als Indien-Institut e.V. gef\u00fchrt. Das Institut steht mit dem indischen Generalkonsulat in enger Beziehung.<\/p>\n\n\n\n\n\n<p><\/p>\n\n\n\n<p><\/p>\n\n\n\n<p><br><\/p>\n\n\n\n<h5 class=\"wp-block-heading\">KOMMENDE VERANSTALTUNG: SAROD &amp; TABLA CONCERT IN DER SEIDLVILLA <a href=\"https:\/\/www.indien-institut.de\/cms\/event\/sitar-tabla-concert\/?event_date=2026-05-21\">(zum Event &#8211; jetzt Tickets reservieren)<\/a><\/h5>\n\n\n\n<figure class=\"wp-block-image size-large\"><img decoding=\"async\" width=\"1024\" height=\"574\" src=\"https:\/\/www.indien-institut.de\/cms\/wp-content\/uploads\/2026\/03\/Subrata-Manna-collegue-SarodTabla-2-1024x574.jpg\" alt=\"\" class=\"wp-image-3265\" srcset=\"https:\/\/www.indien-institut.de\/cms\/wp-content\/uploads\/2026\/03\/Subrata-Manna-collegue-SarodTabla-2-1024x574.jpg 1024w, https:\/\/www.indien-institut.de\/cms\/wp-content\/uploads\/2026\/03\/Subrata-Manna-collegue-SarodTabla-2-300x168.jpg 300w, https:\/\/www.indien-institut.de\/cms\/wp-content\/uploads\/2026\/03\/Subrata-Manna-collegue-SarodTabla-2-768x431.jpg 768w, https:\/\/www.indien-institut.de\/cms\/wp-content\/uploads\/2026\/03\/Subrata-Manna-collegue-SarodTabla-2-958x537.jpg 958w, https:\/\/www.indien-institut.de\/cms\/wp-content\/uploads\/2026\/03\/Subrata-Manna-collegue-SarodTabla-2.jpg 1245w\" sizes=\"(max-width: 1024px) 100vw, 1024px\" \/><\/figure>\n\n\n\n<div style=\"height:26px\" aria-hidden=\"true\" class=\"wp-block-spacer\"><\/div>\n\n\n\n<p><strong>Am 21. Mai 2026 pr\u00e4sentieren<\/strong> <strong>Prosenjit Sengupta und Subrata Manna ein Konzert, das die Tiefe und Sch\u00f6nheit der nordindischen klassischen Musik lebendig werden l\u00e4sst. <\/strong>Der Sarod\u2011Meister Prosenjit Sengupta kombiniert virtuose Technik mit einer warmen, ausdrucksstarken Klangsprache. Tabla\u2011Maestro Subrata Manna, gepr\u00e4gt von der Schule Acharya Pandit Shankar Ghoshs, bringt rhythmische Raffinesse und musikalische Sensibilit\u00e4t ein. Beide K\u00fcnstler sind internationale Solisten und treten seit vielen Jahren auf bedeutenden B\u00fchnen weltweit auf. Ihr Zusammenspiel bringt Melodie und Rhythmus auf nat\u00fcrliche Weise zusammen und macht das Konzert besonders. Freuen Sie sich schon jetzt auf einen sch\u00f6nen Abend bei uns!<\/p>\n\n\n\n<div style=\"height:24px\" aria-hidden=\"true\" class=\"wp-block-spacer\"><\/div>\n\n\n\n\n\n<div class=\"wp-block-columns is-layout-flex wp-container-core-columns-is-layout-1 wp-block-columns-is-layout-flex\">\n<div class=\"wp-block-column is-layout-flow wp-block-column-is-layout-flow\">\n<h4 class=\"wp-block-heading\"><strong>INDIEN-INSTITUT in M\u00fcnchen als Mittler<\/strong><\/h4>\n\n\n\n<ul class=\"wp-block-list\">\n<li>&#8211; zwischen den beiden L\u00e4ndern und ihren Menschen<\/li>\n\n\n\n<li>&#8211; ihren Kulturen sowie <\/li>\n\n\n\n<li>&#8211; ihrer zuk\u00fcnftigen Entwicklung<\/li>\n<\/ul>\n<\/div>\n\n\n\n<div class=\"wp-block-column is-layout-flow wp-block-column-is-layout-flow\">\n<h4 class=\"wp-block-heading\"><strong>INDIEN-INSTITUT in M\u00fcnchen ist ein Forum f\u00fcr<\/strong><\/h4>\n\n\n\n<ul class=\"wp-block-list\">\n<li>&#8211; Fachvortr\u00e4ge und Diskussionen<\/li>\n\n\n\n<li>&#8211; Veranstaltungen \u00fcber Geschichte, Religion, Kunst und Kultur<\/li>\n\n\n\n<li>&#8211; traditionelle und zeitgen\u00f6ssische Musik- und Tanzvorf\u00fchrungen<\/li>\n\n\n\n<li>&#8211; Informationen \u00fcber Politik, Sprache, Wirtschaft und Wissenschaft<\/li>\n<\/ul>\n<\/div>\n<\/div>\n\n\n\n<p><\/p>\n","protected":false},"excerpt":{"rendered":"<p>DE EN INDIEN-INSTITUT IN M\u00dcNCHEN Das Indien-Institut ist die \u00e4lteste, dem deutsch-indischen Kulturaustausch verpflichtete Organisation ihrer Art in Deutschland. Im Jahre 1929 wurde der Verein als Institute for Cultural Relations\/Indischer Ausschuss bei der Deutschen Akademie, mit Sitz im Maximilianeum, M\u00fcnchen, gegr\u00fcndet. Die Kriegszeit unterbrach die Aktivit\u00e4ten. 1946 wurde die Arbeit wieder aufgenommen. Der Verein wird [&hellip;]<\/p>\n","protected":false},"author":1,"featured_media":0,"parent":0,"menu_order":0,"comment_status":"open","ping_status":"open","template":"template-home.php","meta":{"footnotes":""},"class_list":["post-503","page","type-page","status-publish","hentry"],"_links":{"self":[{"href":"https:\/\/www.indien-institut.de\/cms\/wp-json\/wp\/v2\/pages\/503"}],"collection":[{"href":"https:\/\/www.indien-institut.de\/cms\/wp-json\/wp\/v2\/pages"}],"about":[{"href":"https:\/\/www.indien-institut.de\/cms\/wp-json\/wp\/v2\/types\/page"}],"author":[{"embeddable":true,"href":"https:\/\/www.indien-institut.de\/cms\/wp-json\/wp\/v2\/users\/1"}],"replies":[{"embeddable":true,"href":"https:\/\/www.indien-institut.de\/cms\/wp-json\/wp\/v2\/comments?post=503"}],"version-history":[{"count":279,"href":"https:\/\/www.indien-institut.de\/cms\/wp-json\/wp\/v2\/pages\/503\/revisions"}],"predecessor-version":[{"id":3287,"href":"https:\/\/www.indien-institut.de\/cms\/wp-json\/wp\/v2\/pages\/503\/revisions\/3287"}],"wp:attachment":[{"href":"https:\/\/www.indien-institut.de\/cms\/wp-json\/wp\/v2\/media?parent=503"}],"curies":[{"name":"wp","href":"https:\/\/api.w.org\/{rel}","templated":true}]}}