{"id":3308,"date":"2026-04-29T05:59:48","date_gmt":"2026-04-29T05:59:48","guid":{"rendered":"https:\/\/www.indien-institut.de\/cms\/?page_id=3308"},"modified":"2026-04-29T06:45:06","modified_gmt":"2026-04-29T06:45:06","slug":"anfragen","status":"publish","type":"page","link":"https:\/\/www.indien-institut.de\/cms\/anfragen\/","title":{"rendered":"Anfragen"},"content":{"rendered":"\n<figure class=\"wp-block-image size-full is-resized\"><img decoding=\"async\" width=\"500\" height=\"300\" src=\"https:\/\/www.indien-institut.de\/cms\/wp-content\/uploads\/2014\/02\/staff4.jpg\" alt=\"\" class=\"wp-image-925\" style=\"width:838px;height:auto\" srcset=\"https:\/\/www.indien-institut.de\/cms\/wp-content\/uploads\/2014\/02\/staff4.jpg 500w, https:\/\/www.indien-institut.de\/cms\/wp-content\/uploads\/2014\/02\/staff4-300x180.jpg 300w\" sizes=\"(max-width: 500px) 100vw, 500px\" \/><\/figure>\n\n\n\n<div style=\"height:31px\" aria-hidden=\"true\" class=\"wp-block-spacer\"><\/div>\n\n\n\n<h2 class=\"wp-block-heading\"><strong>Nachfragen aus Film &amp; Fernsehen<\/strong><\/h2>\n\n\n\n<h5 class=\"wp-block-heading\"><strong>F\u00fcr aktuelle Dreharbeiten suchen zwei Produktionsfirmen m\u00e4nnliche Darsteller mit indischem Hintergrund<\/strong>:<\/h5>\n\n\n\n<blockquote class=\"wp-block-quote is-layout-flow wp-block-quote-is-layout-flow\">\n<p><strong>Berlin, 16.05.2026:<\/strong>&nbsp;Gesucht wird ein Mann mit Wurzeln in Indien, der ein traditionelles&nbsp;<strong>Sherwani<\/strong> besitzt, tr\u00e4gt und dar\u00fcber sprechen kann \u2013 gerne auch ein Hochzeits\u2011Sherwani. Reise\u2011 und ggf. \u00dcbernachtungskosten werden \u00fcbernommen.<\/p>\n<\/blockquote>\n\n\n\n<blockquote class=\"wp-block-quote is-layout-flow wp-block-quote-is-layout-flow\">\n<p><strong>M\u00fcnchen &amp; Luzern, Mai\u2013August 2026:<\/strong>&nbsp;F\u00fcr eine TV\u2011Produktion&nbsp;wird ein&nbsp;<strong>junger Mann (18\u201325 Jahre) mit indischem Look<\/strong>&nbsp;gesucht. Die Rolle umfasst ca.&nbsp;<strong>25 Drehtage<\/strong> und beinhaltet Interaktion mit den Schauspielern. Unabh\u00e4ngig von den Konditionen bietet die Teilnahme die M\u00f6glichkeit, Einblicke in die Arbeit an einem gro\u00dfen professionellen Filmset zu gewinnen und erste Erfahrungen sowie Kontakte zu sammeln.<\/p>\n<\/blockquote>\n\n\n\n<p>Die Anfragen richten sich zun\u00e4chst an die Mitglieder des Indien\u2011Instituts. Sollten Sie eine geeignete Person kennen oder selbst Interesse haben, teilen Sie uns bitte mit, auf welche der beiden Anfragen (Sherwani\u2011Dreh in Berlin oder Kleindarsteller\u2011Suche in M\u00fcnchen\/Luzern) sich Ihr Hinweis bezieht. Wir stellen Ihnen anschlie\u00dfend weiterf\u00fchrende Informationen zur jeweiligen Anfrage zur Verf\u00fcgung, sofern ein konkretes Interesse besteht.<\/p>\n\n\n\n<p>Kontakt:&nbsp;<strong><a href=\"mailto:info@indien-institut.de\">info@indien-institut.de<\/a> <\/strong>oder telefonisch unter <strong>+49 (0) 89 980284<\/strong>.<\/p>\n\n\n\n<p><\/p>\n","protected":false},"excerpt":{"rendered":"<p>Nachfragen aus Film &amp; Fernsehen F\u00fcr aktuelle Dreharbeiten suchen zwei Produktionsfirmen m\u00e4nnliche Darsteller mit indischem Hintergrund: Berlin, 16.05.2026:&nbsp;Gesucht wird ein Mann mit Wurzeln in Indien, der ein traditionelles&nbsp;Sherwani besitzt, tr\u00e4gt und dar\u00fcber sprechen kann \u2013 gerne auch ein Hochzeits\u2011Sherwani. Reise\u2011 und ggf. \u00dcbernachtungskosten werden \u00fcbernommen. M\u00fcnchen &amp; Luzern, Mai\u2013August 2026:&nbsp;F\u00fcr eine TV\u2011Produktion&nbsp;wird ein&nbsp;junger Mann (18\u201325 [&hellip;]<\/p>\n","protected":false},"author":14,"featured_media":0,"parent":0,"menu_order":0,"comment_status":"closed","ping_status":"closed","template":"","meta":{"footnotes":""},"class_list":["post-3308","page","type-page","status-publish","hentry"],"_links":{"self":[{"href":"https:\/\/www.indien-institut.de\/cms\/wp-json\/wp\/v2\/pages\/3308"}],"collection":[{"href":"https:\/\/www.indien-institut.de\/cms\/wp-json\/wp\/v2\/pages"}],"about":[{"href":"https:\/\/www.indien-institut.de\/cms\/wp-json\/wp\/v2\/types\/page"}],"author":[{"embeddable":true,"href":"https:\/\/www.indien-institut.de\/cms\/wp-json\/wp\/v2\/users\/14"}],"replies":[{"embeddable":true,"href":"https:\/\/www.indien-institut.de\/cms\/wp-json\/wp\/v2\/comments?post=3308"}],"version-history":[{"count":18,"href":"https:\/\/www.indien-institut.de\/cms\/wp-json\/wp\/v2\/pages\/3308\/revisions"}],"predecessor-version":[{"id":3336,"href":"https:\/\/www.indien-institut.de\/cms\/wp-json\/wp\/v2\/pages\/3308\/revisions\/3336"}],"wp:attachment":[{"href":"https:\/\/www.indien-institut.de\/cms\/wp-json\/wp\/v2\/media?parent=3308"}],"curies":[{"name":"wp","href":"https:\/\/api.w.org\/{rel}","templated":true}]}}