{"id":2804,"date":"2025-11-15T10:13:33","date_gmt":"2025-11-15T10:13:33","guid":{"rendered":"https:\/\/www.indien-institut.de\/cms\/?page_id=2804"},"modified":"2026-02-09T16:58:24","modified_gmt":"2026-02-09T16:58:24","slug":"mitwirken","status":"publish","type":"page","link":"https:\/\/www.indien-institut.de\/cms\/mitwirken\/","title":{"rendered":"Mitwirken"},"content":{"rendered":"\n<p><\/p>\n\n\n\n<h3 class=\"wp-block-heading\"><\/h3>\n\n\n\n<div class=\"wp-block-columns is-layout-flex wp-container-core-columns-is-layout-1 wp-block-columns-is-layout-flex\">\n<div class=\"wp-block-column is-layout-flow wp-block-column-is-layout-flow\" style=\"flex-basis:100%\">\n<div class=\"wp-block-cover has-custom-content-position is-position-bottom-center\"><span aria-hidden=\"true\" class=\"wp-block-cover__background has-background-dim\"><\/span><img decoding=\"async\" width=\"1024\" height=\"683\" class=\"wp-block-cover__image-background wp-image-1174\" alt=\"\" src=\"https:\/\/www.indien-institut.de\/cms\/wp-content\/uploads\/2020\/02\/g7-1024x683.jpg\" data-object-fit=\"cover\" srcset=\"https:\/\/www.indien-institut.de\/cms\/wp-content\/uploads\/2020\/02\/g7-1024x683.jpg 1024w, https:\/\/www.indien-institut.de\/cms\/wp-content\/uploads\/2020\/02\/g7-300x200.jpg 300w, https:\/\/www.indien-institut.de\/cms\/wp-content\/uploads\/2020\/02\/g7-768x512.jpg 768w, https:\/\/www.indien-institut.de\/cms\/wp-content\/uploads\/2020\/02\/g7-1536x1024.jpg 1536w, https:\/\/www.indien-institut.de\/cms\/wp-content\/uploads\/2020\/02\/g7-2048x1365.jpg 2048w, https:\/\/www.indien-institut.de\/cms\/wp-content\/uploads\/2020\/02\/g7-600x400.jpg 600w, https:\/\/www.indien-institut.de\/cms\/wp-content\/uploads\/2020\/02\/g7-958x639.jpg 958w, https:\/\/www.indien-institut.de\/cms\/wp-content\/uploads\/2020\/02\/g7-272x182.jpg 272w\" sizes=\"(max-width: 1024px) 100vw, 1024px\" \/><div class=\"wp-block-cover__inner-container is-layout-flow wp-block-cover-is-layout-flow\">\n<p><\/p>\n\n\n\n<p><strong>Jetzt anh\u00f6ren!<\/strong><\/p>\n\n\n\n<p><strong>Indien verstehen und gemeinsam gestalten<\/strong><br><\/p>\n\n\n\n<figure class=\"wp-block-audio\"><audio controls src=\"https:\/\/www.indien-institut.de\/cms\/wp-content\/uploads\/2025\/11\/20251115-131623.mp3\"><\/audio><\/figure>\n<\/div><\/div>\n<\/div>\n<\/div>\n\n\n\n<div style=\"height:27px\" aria-hidden=\"true\" class=\"wp-block-spacer\"><\/div>\n\n\n\n<h3 class=\"wp-block-heading\"><br><strong>Beitr\u00e4ge zu unseren Veranstaltungen auf Instagram und\/oder Facebook <\/strong><br><\/h3>\n\n\n\n<h5 class=\"wp-block-heading\">(<strong>Ehrenamt: ca. einmal monatlich einen Beitrag ver\u00f6ffentlichen<\/strong>)<\/h5>\n\n\n\n<p>Wir freuen uns \u00fcber Menschen, die unser Institut in den sozialen Medien unterst\u00fctzen m\u00f6chten.<strong> Im Jahr 2026 sind sechs Veranstaltungen geplant<\/strong>, zu denen wir gern einen Hinweis und gegebenenfalls auch einen kurzen R\u00fcckblick ver\u00f6ffentlichen m\u00f6chten. Insgesamt ergibt das etwa alle ein bis zwei Monate einen kurzen Beitrag. Wenn es sich anbietet, freuen wir uns auch \u00fcber zus\u00e4tzliche Inhalte. Zu Beginn begleiten wir den Einstieg gern und kl\u00e4ren gemeinsam, wie solche Beitr\u00e4ge aussehen k\u00f6nnen und welche Informationen wichtig sind. Danach kann die Unterst\u00fctzung flexibel und nach eigenem Zeitrahmen erfolgen.<\/p>\n\n\n\n<p>Wenn Sie sich vorstellen k\u00f6nnen, gelegentlich mitzuwirken, ohne feste Verpflichtungen und im Rahmen Ihrer M\u00f6glichkeiten, melden Sie sich gern:<br><strong><a href=\"mailto:info@indien-institut.de\">info@indien-institut.de<\/a> <\/strong>oder telefonisch unter <strong>+49 (0) 89 980284<\/strong>. Wir freuen uns \u00fcber jede Form der Mithilfe.<\/p>\n\n\n\n<blockquote class=\"wp-block-quote is-layout-flow wp-block-quote-is-layout-flow\">\n<p><\/p>\n<\/blockquote>\n\n\n\n<p><\/p>\n\n\n\n<p><strong>Hinweis: <\/strong><br>Das Indien-Institut M\u00fcnchen ist eine gemeinn\u00fctzige Einrichtung, die auf das freiwillige Engagement ihrer Mitglieder und Unterst\u00fctzende baut. Unsere Arbeit entsteht aus gemeinschaftlicher Initiative und wird mit dem Interesse f\u00fcr den deutsch-indischen Dialog getragen. Eine hauptamtliche Vollzeitstruktur ist derzeit nicht Teil unseres Modells, umso mehr freuen wir uns \u00fcber Menschen, die sich mit Zeit, Ideen oder anderen Ressourcen einbringen und so unsere Arbeit m\u00f6glich machen.<\/p>\n\n\n\n<div style=\"height:0px\" aria-hidden=\"true\" class=\"wp-block-spacer\"><\/div>\n\n\n\n<blockquote class=\"wp-block-quote is-layout-flow wp-block-quote-is-layout-flow\">\n<p><\/p>\n<\/blockquote>\n\n\n\n<div style=\"height:12px\" aria-hidden=\"true\" class=\"wp-block-spacer\"><\/div>\n","protected":false},"excerpt":{"rendered":"<p>Beitr\u00e4ge zu unseren Veranstaltungen auf Instagram und\/oder Facebook (Ehrenamt: ca. einmal monatlich einen Beitrag ver\u00f6ffentlichen) Wir freuen uns \u00fcber Menschen, die unser Institut in den sozialen Medien unterst\u00fctzen m\u00f6chten. Im Jahr 2026 sind sechs Veranstaltungen geplant, zu denen wir gern einen Hinweis und gegebenenfalls auch einen kurzen R\u00fcckblick ver\u00f6ffentlichen m\u00f6chten. Insgesamt ergibt das etwa alle [&hellip;]<\/p>\n","protected":false},"author":14,"featured_media":0,"parent":0,"menu_order":0,"comment_status":"closed","ping_status":"closed","template":"","meta":{"footnotes":""},"class_list":["post-2804","page","type-page","status-publish","hentry"],"_links":{"self":[{"href":"https:\/\/www.indien-institut.de\/cms\/wp-json\/wp\/v2\/pages\/2804"}],"collection":[{"href":"https:\/\/www.indien-institut.de\/cms\/wp-json\/wp\/v2\/pages"}],"about":[{"href":"https:\/\/www.indien-institut.de\/cms\/wp-json\/wp\/v2\/types\/page"}],"author":[{"embeddable":true,"href":"https:\/\/www.indien-institut.de\/cms\/wp-json\/wp\/v2\/users\/14"}],"replies":[{"embeddable":true,"href":"https:\/\/www.indien-institut.de\/cms\/wp-json\/wp\/v2\/comments?post=2804"}],"version-history":[{"count":67,"href":"https:\/\/www.indien-institut.de\/cms\/wp-json\/wp\/v2\/pages\/2804\/revisions"}],"predecessor-version":[{"id":3105,"href":"https:\/\/www.indien-institut.de\/cms\/wp-json\/wp\/v2\/pages\/2804\/revisions\/3105"}],"wp:attachment":[{"href":"https:\/\/www.indien-institut.de\/cms\/wp-json\/wp\/v2\/media?parent=2804"}],"curies":[{"name":"wp","href":"https:\/\/api.w.org\/{rel}","templated":true}]}}