{"id":2582,"date":"2025-11-12T02:20:15","date_gmt":"2025-11-12T02:20:15","guid":{"rendered":"https:\/\/www.indien-institut.de\/cms\/?page_id=2582"},"modified":"2026-01-17T08:41:56","modified_gmt":"2026-01-17T08:41:56","slug":"spenden","status":"publish","type":"page","link":"https:\/\/www.indien-institut.de\/cms\/spenden\/","title":{"rendered":"Spenden"},"content":{"rendered":"\n<div class=\"wp-block-cover is-light has-custom-content-position is-position-bottom-center\" style=\"min-height:409px;aspect-ratio:unset;\"><span aria-hidden=\"true\" class=\"wp-block-cover__background has-background-dim\" style=\"background-color:#b9844e\"><\/span><img decoding=\"async\" width=\"960\" height=\"640\" class=\"wp-block-cover__image-background wp-image-1256\" alt=\"\" src=\"https:\/\/www.indien-institut.de\/cms\/wp-content\/uploads\/2020\/02\/49.jpg\" data-object-fit=\"cover\" srcset=\"https:\/\/www.indien-institut.de\/cms\/wp-content\/uploads\/2020\/02\/49.jpg 960w, https:\/\/www.indien-institut.de\/cms\/wp-content\/uploads\/2020\/02\/49-300x200.jpg 300w, https:\/\/www.indien-institut.de\/cms\/wp-content\/uploads\/2020\/02\/49-768x512.jpg 768w, https:\/\/www.indien-institut.de\/cms\/wp-content\/uploads\/2020\/02\/49-600x400.jpg 600w, https:\/\/www.indien-institut.de\/cms\/wp-content\/uploads\/2020\/02\/49-958x639.jpg 958w, https:\/\/www.indien-institut.de\/cms\/wp-content\/uploads\/2020\/02\/49-272x182.jpg 272w\" sizes=\"(max-width: 960px) 100vw, 960px\" \/><div class=\"wp-block-cover__inner-container is-layout-flow wp-block-cover-is-layout-flow\">\n<div class=\"wp-block-themepunch-revslider revslider\" data-modal=\"false\" style=\"\"><\/div>\n\n\n\n<p><strong>Jetzt anh\u00f6ren! <\/strong> <\/p>\n\n\n\n<p><strong>Mit Ihrer Spende w\u00e4chst der Dialog, Spendenaufruf 2026<\/strong><\/p>\n\n\n\n<figure class=\"wp-block-audio\"><audio controls src=\"https:\/\/www.indien-institut.de\/cms\/wp-content\/uploads\/2026\/01\/Spendenaufruf-2026.mp3\"><\/audio><\/figure>\n<\/div><\/div>\n\n\n\n<div class=\"wp-block-group is-content-justification-space-between is-nowrap is-layout-flex wp-container-core-group-is-layout-2 wp-block-group-is-layout-flex\">\n<div class=\"wp-block-group is-content-justification-space-between is-nowrap is-layout-flex wp-container-core-group-is-layout-1 wp-block-group-is-layout-flex\"><\/div>\n\n\n\n<p><\/p>\n<\/div>\n\n\n\n<div style=\"height:35px\" aria-hidden=\"true\" class=\"wp-block-spacer\"><\/div>\n\n\n\n<p><\/p>\n\n\n\n<h2 class=\"wp-block-heading\"><strong><strong>Gemeinsam f\u00fcr den kulturellen Austausch<\/strong><\/strong><\/h2>\n\n\n\n<p>Das Indien-Institut e.V. engagiert sich seit vielen Jahren gemeinn\u00fctzig und unabh\u00e4ngig von staatlicher F\u00f6rderung f\u00fcr die Vermittlung von Wissen \u00fcber Indien, seine Kulturen, Religionen, Wissenschaft, wirtschaftliche Entwicklung und Gesellschaft. Die Finanzierung erfolgt ausschlie\u00dflich \u00fcber steuerlich absetzbare Mitgliedsbeitr\u00e4ge, F\u00f6rdermittel und Spenden.<\/p>\n\n\n\n<p>Getragen wird das Institut von der Unterst\u00fctzung profilierter Pers\u00f6nlichkeiten, die seiner v\u00f6lkerverbindenden Arbeit mit Offenheit begegnen, von seinen kenntnisreichen und dialogfreudigen Mitgliedern sowie von einer bislang noch ausstehenden, aber dringend gebotenen Kulturf\u00f6rderung durch bayerische Unternehmen mit wirtschaftlichen Beziehungen zu Indien. <\/p>\n\n\n\n<blockquote class=\"wp-block-quote is-layout-flow wp-block-quote-is-layout-flow\">\n<p>Auch k\u00fcnftig wird das Indien-Institut alles daransetzen, das Verst\u00e4ndnis f\u00fcr die gr\u00f6\u00dfte Demokratie der Welt zu vertiefen und den interkulturellen Austausch zu f\u00f6rdern.<\/p>\n<\/blockquote>\n\n\n\n<p>Da unsere Arbeit nur durch finanzielle Beitr\u00e4ge m\u00f6glich ist, sind wir auf Ihre Unterst\u00fctzung angewiesen.<br>Wenn Sie unsere Aktivit\u00e4ten f\u00f6rdern m\u00f6chten, freuen wir uns \u00fcber Ihre Spende auf folgendes Konto des Indien-Institut e.V. und danken Ihnen daf\u00fcr:<\/p>\n\n\n\n<p><\/p>\n\n\n\n<p><strong>Stadtsparkasse M\u00fcnchen<br>IBAN: DE 28 7015 0000 1002 2700 13<br>BIC: SSKMDEMM<\/strong><\/p>\n\n\n\n\n\n<p><\/p>\n","protected":false},"excerpt":{"rendered":"<p>Gemeinsam f\u00fcr den kulturellen Austausch Das Indien-Institut e.V. engagiert sich seit vielen Jahren gemeinn\u00fctzig und unabh\u00e4ngig von staatlicher F\u00f6rderung f\u00fcr die Vermittlung von Wissen \u00fcber Indien, seine Kulturen, Religionen, Wissenschaft, wirtschaftliche Entwicklung und Gesellschaft. Die Finanzierung erfolgt ausschlie\u00dflich \u00fcber steuerlich absetzbare Mitgliedsbeitr\u00e4ge, F\u00f6rdermittel und Spenden. Getragen wird das Institut von der Unterst\u00fctzung profilierter Pers\u00f6nlichkeiten, die [&hellip;]<\/p>\n","protected":false},"author":14,"featured_media":0,"parent":0,"menu_order":0,"comment_status":"closed","ping_status":"closed","template":"","meta":{"footnotes":""},"class_list":["post-2582","page","type-page","status-publish","hentry"],"_links":{"self":[{"href":"https:\/\/www.indien-institut.de\/cms\/wp-json\/wp\/v2\/pages\/2582"}],"collection":[{"href":"https:\/\/www.indien-institut.de\/cms\/wp-json\/wp\/v2\/pages"}],"about":[{"href":"https:\/\/www.indien-institut.de\/cms\/wp-json\/wp\/v2\/types\/page"}],"author":[{"embeddable":true,"href":"https:\/\/www.indien-institut.de\/cms\/wp-json\/wp\/v2\/users\/14"}],"replies":[{"embeddable":true,"href":"https:\/\/www.indien-institut.de\/cms\/wp-json\/wp\/v2\/comments?post=2582"}],"version-history":[{"count":93,"href":"https:\/\/www.indien-institut.de\/cms\/wp-json\/wp\/v2\/pages\/2582\/revisions"}],"predecessor-version":[{"id":3060,"href":"https:\/\/www.indien-institut.de\/cms\/wp-json\/wp\/v2\/pages\/2582\/revisions\/3060"}],"wp:attachment":[{"href":"https:\/\/www.indien-institut.de\/cms\/wp-json\/wp\/v2\/media?parent=2582"}],"curies":[{"name":"wp","href":"https:\/\/api.w.org\/{rel}","templated":true}]}}