{"id":1594,"date":"2020-04-07T13:56:46","date_gmt":"2020-04-07T13:56:46","guid":{"rendered":"https:\/\/www.indien-institut.de\/cms\/?page_id=1594"},"modified":"2025-06-23T11:44:12","modified_gmt":"2025-06-23T11:44:12","slug":"impressum","status":"publish","type":"page","link":"https:\/\/www.indien-institut.de\/cms\/impressum\/","title":{"rendered":"Impressum"},"content":{"rendered":"\n<h3 class=\"wp-block-heading\"> <strong>Haftungshinweis<\/strong> <\/h3>\n\n\n\n<blockquote class=\"wp-block-quote is-layout-flow wp-block-quote-is-layout-flow\">\n<p> Trotz sorgf\u00e4ltiger inhaltlicher Kontrolle \u00fcbernehmen wir keine Haftung f\u00fcr die Inhalte externer Links. F\u00fcr den Inhalt der verlinkten Seiten sind ausschlie\u00dflich deren Betreiber verantwortlich. <\/p>\n<\/blockquote>\n\n\n<div\n\t\t\t\n\t\t\tclass=\"so-widget-spacer-widget so-widget-spacer-widget-base\"\n\t\t\t\n\t\t>\n<div class=\"clearfix\" style=\"height:50px\"><\/div><\/div>\n\n<div id=\"pl-gb1594-69e2e9793b52f\"  class=\"panel-layout\" ><div id=\"pg-gb1594-69e2e9793b52f-0\"  class=\"panel-grid panel-no-style\" ><div id=\"pgc-gb1594-69e2e9793b52f-0-0\"  class=\"panel-grid-cell\" ><div id=\"panel-gb1594-69e2e9793b52f-0-0-0\" class=\"so-panel widget widget_text panel-first-child panel-last-child\" data-index=\"0\" ><h3 class=\"widget-title\">Angaben gem\u00e4\u00df \u00a7 5 TMG<\/h3>\t\t\t<div class=\"textwidget\"><p>Indien-Institut e.V.<br \/>\nPreziosastr. 43<br \/>\n81927 M\u00fcnchen<\/p>\n<\/div>\n\t\t<\/div><\/div><div id=\"pgc-gb1594-69e2e9793b52f-0-1\"  class=\"panel-grid-cell\" ><div id=\"panel-gb1594-69e2e9793b52f-0-1-0\" class=\"so-panel widget widget_text panel-first-child panel-last-child\" data-index=\"1\" ><h3 class=\"widget-title\">Vertreten durch<\/h3>\t\t\t<div class=\"textwidget\"><p>Vorstand<\/p>\n<\/div>\n\t\t<\/div><\/div><div id=\"pgc-gb1594-69e2e9793b52f-0-2\"  class=\"panel-grid-cell\" ><div id=\"panel-gb1594-69e2e9793b52f-0-2-0\" class=\"so-panel widget widget_text panel-first-child panel-last-child\" data-index=\"2\" ><h3 class=\"widget-title\">Kontakt<\/h3>\t\t\t<div class=\"textwidget\"><p>Telefon: +49 (0) 89 980284<br \/>\nE-Mail: info@indien-institut.de<\/p>\n<\/div>\n\t\t<\/div><\/div><\/div><\/div>\n\n<div\n\t\t\t\n\t\t\tclass=\"so-widget-spacer-widget so-widget-spacer-widget-base\"\n\t\t\t\n\t\t>\n<div class=\"clearfix\" style=\"height:30px\"><\/div><\/div>\n\n<div id=\"pl-gb1594-69e2e9793c831\"  class=\"panel-layout\" ><div id=\"pg-gb1594-69e2e9793c831-0\"  class=\"panel-grid panel-no-style\" ><div id=\"pgc-gb1594-69e2e9793c831-0-0\"  class=\"panel-grid-cell\" ><div id=\"panel-gb1594-69e2e9793c831-0-0-0\" class=\"so-panel widget widget_text panel-first-child panel-last-child\" data-index=\"0\" ><h3 class=\"widget-title\">Registereintrag<\/h3>\t\t\t<div class=\"textwidget\"><p>Eintragung im Vereinsregister<br \/>\nRegistergericht: Amtsgericht M\u00fcnchen<br \/>\nRegisternummer: VR 6224<\/p>\n<p>&nbsp;<\/p>\n<\/div>\n\t\t<\/div><\/div><div id=\"pgc-gb1594-69e2e9793c831-0-1\"  class=\"panel-grid-cell panel-grid-cell-mobile-last\" ><div id=\"panel-gb1594-69e2e9793c831-0-1-0\" class=\"so-panel widget widget_text panel-first-child panel-last-child\" data-index=\"1\" ><h3 class=\"widget-title\">Bankverbindung<\/h3>\t\t\t<div class=\"textwidget\"><p>Stadtsparkasse M\u00fcnchen<br \/>\nIBAN: DE 28 7015 0000 1002 2700 13<br \/>\nBIC: SSKMDEMM<\/p>\n<\/div>\n\t\t<\/div><\/div><div id=\"pgc-gb1594-69e2e9793c831-0-2\"  class=\"panel-grid-cell panel-grid-cell-empty\" ><\/div><\/div><\/div>","protected":false},"excerpt":{"rendered":"<p>Haftungshinweis Trotz sorgf\u00e4ltiger inhaltlicher Kontrolle \u00fcbernehmen wir keine Haftung f\u00fcr die Inhalte externer Links. F\u00fcr den Inhalt der verlinkten Seiten sind ausschlie\u00dflich deren Betreiber verantwortlich.<\/p>\n","protected":false},"author":1,"featured_media":0,"parent":0,"menu_order":0,"comment_status":"closed","ping_status":"closed","template":"","meta":{"footnotes":""},"class_list":["post-1594","page","type-page","status-publish","hentry"],"_links":{"self":[{"href":"https:\/\/www.indien-institut.de\/cms\/wp-json\/wp\/v2\/pages\/1594"}],"collection":[{"href":"https:\/\/www.indien-institut.de\/cms\/wp-json\/wp\/v2\/pages"}],"about":[{"href":"https:\/\/www.indien-institut.de\/cms\/wp-json\/wp\/v2\/types\/page"}],"author":[{"embeddable":true,"href":"https:\/\/www.indien-institut.de\/cms\/wp-json\/wp\/v2\/users\/1"}],"replies":[{"embeddable":true,"href":"https:\/\/www.indien-institut.de\/cms\/wp-json\/wp\/v2\/comments?post=1594"}],"version-history":[{"count":28,"href":"https:\/\/www.indien-institut.de\/cms\/wp-json\/wp\/v2\/pages\/1594\/revisions"}],"predecessor-version":[{"id":2222,"href":"https:\/\/www.indien-institut.de\/cms\/wp-json\/wp\/v2\/pages\/1594\/revisions\/2222"}],"wp:attachment":[{"href":"https:\/\/www.indien-institut.de\/cms\/wp-json\/wp\/v2\/media?parent=1594"}],"curies":[{"name":"wp","href":"https:\/\/api.w.org\/{rel}","templated":true}]}}