{"id":13,"date":"2014-02-28T06:54:46","date_gmt":"2014-02-28T06:54:46","guid":{"rendered":"http:\/\/192.232.247.118\/imithemes.com\/dev\/native-church\/?page_id=13"},"modified":"2026-03-05T10:17:35","modified_gmt":"2026-03-05T10:17:35","slug":"about-us","status":"publish","type":"page","link":"https:\/\/www.indien-institut.de\/cms\/about-us\/","title":{"rendered":"\u00dcber uns"},"content":{"rendered":"\n<h3 class=\"wp-block-heading\"><\/h3>\n\n\n\n<p>Aufgabe und Ziel des Indien-Instituts e.V. M\u00fcnchen bleibt es, die vielf\u00e4ltigen Kulturen Indiens in ihren vielen traditionellen und zeitgen\u00f6ssischen Aspekten sowie ihre Ver\u00e4nderung zu einer modernen Gesellschaft einer breiten \u00d6ffentlichkeit, vor allem in Bayern, zur Kenntnis zu bringen.<\/p>\n\n\n\n<p>Das Indien-Institut bringt sich durch Informationsveranstaltungen und Begegnungsformen als Dialogpartner der beiden L\u00e4nder Indien und Deutschland ein und f\u00f6rdert damit die Voraussetzung f\u00fcr gegenseitiges Verstehen, Partnerschaft und Freundschaft. Instrumente dieser Arbeit sind insbesondere Vortr\u00e4ge, Seminare, Konzerte, Tanzdarbietungen, Workshops, Ausstellungen, Filme und Medieninformationen auf hohem Niveau zu allen wichtigen Fragen Indien betreffend und ihrem Potential zum Kulturaustausch mit Deutschland.<\/p>\n\n\n\n<p>Seit 2001 lobt das Indien-Institut au\u00dferdem einen Bayerischen Jugendpreis aus, der bisher dreimal verliehen wurde.<\/p>\n\n\n\n<div class=\"wp-block-buttons is-layout-flex wp-block-buttons-is-layout-flex\"><\/div>\n\n\n\n<p><\/p>\n\n\n\n<h2 class=\"wp-block-heading\">Mitgliedschaft:<\/h2>\n\n\n\n<p>Das Indien-Institut e.V. ist eine gemeinn\u00fctzige Organisation und finanziert sich durch Mitgliedsbeitr\u00e4ge sowie Zusch\u00fcsse und Spenden.<\/p>\n\n\n\n<h4 class=\"wp-block-heading\"><strong>Der j\u00e4hrliche Mindestbeitrag f\u00fcr die Mitgliedschaft betr\u00e4gt:<\/strong><\/h4>\n\n\n\n<ol class=\"wp-block-list\">\n<li>Regul\u00e4re Mitglieder: 60 \u20ac<\/li>\n\n\n\n<li>Doppelte Mitglieder (mit Partner): 70 \u20ac<\/li>\n\n\n\n<li>Familie: 80 \u20ac<\/li>\n\n\n\n<li>Studenten: 30 \u20ac<\/li>\n\n\n\n<li>Firmen\/Institutionen: 100 \u20ac<\/li>\n<\/ol>\n\n\n\n<p><a href=\"https:\/\/www.indien-institut.de\/mitglied-werden\/\">Mitgliedsantrag<\/a><br>Die steuerliche Absetzbarkeit richtet sich nach der jeweils g\u00fcltigen Gesetzgebung.<\/p>\n\n\n\n<h2 class=\"wp-block-heading\"><b>Vorstand \/ Board Members<\/b><u><\/u><u><\/u>:<\/h2>\n\n\n<div class=\"row\"><div class=\"col-md-4 col-sm-4\">\t\t\t\t\t\t\t\t\t\t\t\t\t\t\t\t\t\t\t\t\t\t\t\t\t\t\t\t\t\t\t\t\t\t\t\t<div class=\"grid-item staff-item\">\t\t\t\t\t\t\t\t\t\t\t\t\t\t\t\t\t\t\t\t\t\t\t\t\t\t\t\t\t\t\t\t\t\t\t\t\t\t\t\t\t\t<div class=\"grid-item-inner\"><div class=\"media-box\"><a href=\"https:\/\/www.indien-institut.de\/cms\/staff\/francisc-cazan\/\"><img decoding=\"async\" src=\"https:\/\/www.indien-institut.de\/cms\/wp-content\/uploads\/2014\/02\/st.png\" class=\"attachment-full size-full wp-post-image\" alt=\"\" srcset=\"https:\/\/www.indien-institut.de\/cms\/wp-content\/uploads\/2014\/02\/st.png 500w, https:\/\/www.indien-institut.de\/cms\/wp-content\/uploads\/2014\/02\/st-300x180.png 300w\" sizes=\"(max-width: 500px) 100vw, 500px\" \/><\/a><\/div><div class=\"grid-content\">\t\t\t\t\t\t\t\t\t\t\t\t\t\t\t\t\t\t\t\t\t\t\t\t\t\t\t\t\t\t\t\t\t\t\t\t\t\t\t\t\t\t\t\t<h3> <a href=\"https:\/\/www.indien-institut.de\/cms\/staff\/francisc-cazan\/\">Sanjay Tamb\u00e9<\/a><\/h3><div class=\"meta-data\">Vorstand \/ Board Member<\/div><nav class=\"social-icons\"><a href=\"https:\/\/www.facebook.com\/deeyot\" target =\"_blank\"><i class=\"fa fa-facebook\"><\/i><\/a><\/nav><p><\/p><\/div><\/div><\/div><\/div><div class=\"col-md-4 col-sm-4\">\t\t\t\t\t\t\t\t\t\t\t\t\t\t\t\t\t\t\t\t\t\t\t\t\t\t\t\t\t\t\t\t\t\t\t\t<div class=\"grid-item staff-item\">\t\t\t\t\t\t\t\t\t\t\t\t\t\t\t\t\t\t\t\t\t\t\t\t\t\t\t\t\t\t\t\t\t\t\t\t\t\t\t\t\t\t<div class=\"grid-item-inner\"><div class=\"media-box\"><a href=\"https:\/\/www.indien-institut.de\/cms\/staff\/brigitte-molnar-2\/\"><img decoding=\"async\" src=\"https:\/\/www.indien-institut.de\/cms\/wp-content\/uploads\/2024\/08\/B_Molnar-e1750601954353.jpg\" class=\"attachment-full size-full wp-post-image\" alt=\"\" \/><\/a><\/div><div class=\"grid-content\">\t\t\t\t\t\t\t\t\t\t\t\t\t\t\t\t\t\t\t\t\t\t\t\t\t\t\t\t\t\t\t\t\t\t\t\t\t\t\t\t\t\t\t\t<h3> <a href=\"https:\/\/www.indien-institut.de\/cms\/staff\/brigitte-molnar-2\/\">Brigitte Molnar<\/a><\/h3><div class=\"meta-data\">Vorstand \/ Board Member<\/div><p><\/p><\/div><\/div><\/div><\/div><div class=\"col-md-4 col-sm-4\">\t\t\t\t\t\t\t\t\t\t\t\t\t\t\t\t\t\t\t\t\t\t\t\t\t\t\t\t\t\t\t\t\t\t\t\t<div class=\"grid-item staff-item\">\t\t\t\t\t\t\t\t\t\t\t\t\t\t\t\t\t\t\t\t\t\t\t\t\t\t\t\t\t\t\t\t\t\t\t\t\t\t\t\t\t\t<div class=\"grid-item-inner\"><div class=\"media-box\"><a href=\"https:\/\/www.indien-institut.de\/cms\/staff\/atul-arora-2\/\"><img decoding=\"async\" src=\"https:\/\/www.indien-institut.de\/cms\/wp-content\/uploads\/2014\/02\/dummy_userq.png\" class=\"attachment-full size-full wp-post-image\" alt=\"\" srcset=\"https:\/\/www.indien-institut.de\/cms\/wp-content\/uploads\/2014\/02\/dummy_userq.png 500w, https:\/\/www.indien-institut.de\/cms\/wp-content\/uploads\/2014\/02\/dummy_userq-300x180.png 300w\" sizes=\"(max-width: 500px) 100vw, 500px\" \/><\/a><\/div><div class=\"grid-content\">\t\t\t\t\t\t\t\t\t\t\t\t\t\t\t\t\t\t\t\t\t\t\t\t\t\t\t\t\t\t\t\t\t\t\t\t\t\t\t\t\t\t\t\t<h3> <a href=\"https:\/\/www.indien-institut.de\/cms\/staff\/atul-arora-2\/\">Dipl. Ing. Atul Arora<\/a><\/h3><div class=\"meta-data\">Vorstand \/ Board Member<\/div><p><\/p><\/div><\/div><\/div><\/div><div class=\"col-md-4 col-sm-4\">\t\t\t\t\t\t\t\t\t\t\t\t\t\t\t\t\t\t\t\t\t\t\t\t\t\t\t\t\t\t\t\t\t\t\t\t<div class=\"grid-item staff-item\">\t\t\t\t\t\t\t\t\t\t\t\t\t\t\t\t\t\t\t\t\t\t\t\t\t\t\t\t\t\t\t\t\t\t\t\t\t\t\t\t\t\t<div class=\"grid-item-inner\"><div class=\"media-box\"><a href=\"https:\/\/www.indien-institut.de\/cms\/staff\/shubhada\/\"><img decoding=\"async\" src=\"https:\/\/www.indien-institut.de\/cms\/wp-content\/uploads\/2024\/08\/Natyayoga-2-e1751368982404.jpg\" class=\"attachment-full size-full wp-post-image\" alt=\"\" srcset=\"https:\/\/www.indien-institut.de\/cms\/wp-content\/uploads\/2024\/08\/Natyayoga-2-e1751368982404.jpg 1064w, https:\/\/www.indien-institut.de\/cms\/wp-content\/uploads\/2024\/08\/Natyayoga-2-e1751368982404-300x179.jpg 300w, https:\/\/www.indien-institut.de\/cms\/wp-content\/uploads\/2024\/08\/Natyayoga-2-e1751368982404-768x459.jpg 768w, https:\/\/www.indien-institut.de\/cms\/wp-content\/uploads\/2024\/08\/Natyayoga-2-e1751368982404-1024x612.jpg 1024w, https:\/\/www.indien-institut.de\/cms\/wp-content\/uploads\/2024\/08\/Natyayoga-2-e1751368982404-958x573.jpg 958w\" sizes=\"(max-width: 1064px) 100vw, 1064px\" \/><\/a><\/div><div class=\"grid-content\">\t\t\t\t\t\t\t\t\t\t\t\t\t\t\t\t\t\t\t\t\t\t\t\t\t\t\t\t\t\t\t\t\t\t\t\t\t\t\t\t\t\t\t\t<h3> <a href=\"https:\/\/www.indien-institut.de\/cms\/staff\/shubhada\/\">Shubhada S.<\/a><\/h3><nav class=\"social-icons\"><a href=\"https:\/\/www.facebook.com\/\" target =\"_blank\"><i class=\"fa fa-facebook\"><\/i><\/a><a href=\"https:\/\/twitter.com\/\" target =\"_blank\"><i class=\"fa fa-twitter\"><\/i><\/a><a href=\"https:\/\/plus.google.com\/\" target =\"_blank\"><i class=\"fa fa-google-plus\"><\/i><\/a><a href=\"https:\/\/www.pinterest.com\/\" target =\"_blank\"><i class=\"fa fa-pinterest\"><\/i><\/a><\/nav><p>Beiratsvorsitz, K\u00fcnstlerin, Gr\u00fcnderin Natya Fest M\u00fcnchen \/ Chair of the Advisory Board, Artist, Founder of Natya Fest Munich<\/p><\/div><\/div><\/div><\/div><div class=\"col-md-4 col-sm-4\">\t\t\t\t\t\t\t\t\t\t\t\t\t\t\t\t\t\t\t\t\t\t\t\t\t\t\t\t\t\t\t\t\t\t\t\t<div class=\"grid-item staff-item\">\t\t\t\t\t\t\t\t\t\t\t\t\t\t\t\t\t\t\t\t\t\t\t\t\t\t\t\t\t\t\t\t\t\t\t\t\t\t\t\t\t\t<div class=\"grid-item-inner\"><div class=\"media-box\"><a href=\"https:\/\/www.indien-institut.de\/cms\/staff\/dr-andreas-lindner\/\"><img decoding=\"async\" src=\"https:\/\/www.indien-institut.de\/cms\/wp-content\/uploads\/2014\/02\/dummy_userq.png\" class=\"attachment-full size-full wp-post-image\" alt=\"\" srcset=\"https:\/\/www.indien-institut.de\/cms\/wp-content\/uploads\/2014\/02\/dummy_userq.png 500w, https:\/\/www.indien-institut.de\/cms\/wp-content\/uploads\/2014\/02\/dummy_userq-300x180.png 300w\" sizes=\"(max-width: 500px) 100vw, 500px\" \/><\/a><\/div><div class=\"grid-content\">\t\t\t\t\t\t\t\t\t\t\t\t\t\t\t\t\t\t\t\t\t\t\t\t\t\t\t\t\t\t\t\t\t\t\t\t\t\t\t\t\t\t\t\t<h3> <a href=\"https:\/\/www.indien-institut.de\/cms\/staff\/dr-andreas-lindner\/\">Dr. Andreas Lindner<\/a><\/h3><div class=\"meta-data\">Ehrenvorstand \/ Honorary Board<\/div><p><\/p><\/div><\/div><\/div><\/div><div class=\"col-md-4 col-sm-4\">\t\t\t\t\t\t\t\t\t\t\t\t\t\t\t\t\t\t\t\t\t\t\t\t\t\t\t\t\t\t\t\t\t\t\t\t<div class=\"grid-item staff-item\">\t\t\t\t\t\t\t\t\t\t\t\t\t\t\t\t\t\t\t\t\t\t\t\t\t\t\t\t\t\t\t\t\t\t\t\t\t\t\t\t\t\t<div class=\"grid-item-inner\"><div class=\"media-box\"><a href=\"https:\/\/www.indien-institut.de\/cms\/staff\/prof-dr-j-u-hartmann-2\/\"><img decoding=\"async\" src=\"https:\/\/www.indien-institut.de\/cms\/wp-content\/uploads\/2014\/02\/dummy_userq.png\" class=\"attachment-full size-full wp-post-image\" alt=\"\" srcset=\"https:\/\/www.indien-institut.de\/cms\/wp-content\/uploads\/2014\/02\/dummy_userq.png 500w, https:\/\/www.indien-institut.de\/cms\/wp-content\/uploads\/2014\/02\/dummy_userq-300x180.png 300w\" sizes=\"(max-width: 500px) 100vw, 500px\" \/><\/a><\/div><div class=\"grid-content\">\t\t\t\t\t\t\t\t\t\t\t\t\t\t\t\t\t\t\t\t\t\t\t\t\t\t\t\t\t\t\t\t\t\t\t\t\t\t\t\t\t\t\t\t<h3> <a href=\"https:\/\/www.indien-institut.de\/cms\/staff\/prof-dr-j-u-hartmann-2\/\">Prof. Dr. Hartmann<\/a><\/h3><div class=\"meta-data\">Ehrenvorstand \/ Honorary Board<\/div><p><\/p><\/div><\/div><\/div><\/div><div class=\"col-md-4 col-sm-4\">\t\t\t\t\t\t\t\t\t\t\t\t\t\t\t\t\t\t\t\t\t\t\t\t\t\t\t\t\t\t\t\t\t\t\t\t<div class=\"grid-item staff-item\">\t\t\t\t\t\t\t\t\t\t\t\t\t\t\t\t\t\t\t\t\t\t\t\t\t\t\t\t\t\t\t\t\t\t\t\t\t\t\t\t\t\t<div class=\"grid-item-inner\"><div class=\"media-box\"><a href=\"https:\/\/www.indien-institut.de\/cms\/staff\/neena-hartmann\/\"><img decoding=\"async\" src=\"https:\/\/www.indien-institut.de\/cms\/wp-content\/uploads\/2014\/02\/dummy_userq.png\" class=\"attachment-full size-full wp-post-image\" alt=\"\" srcset=\"https:\/\/www.indien-institut.de\/cms\/wp-content\/uploads\/2014\/02\/dummy_userq.png 500w, https:\/\/www.indien-institut.de\/cms\/wp-content\/uploads\/2014\/02\/dummy_userq-300x180.png 300w\" sizes=\"(max-width: 500px) 100vw, 500px\" \/><\/a><\/div><div class=\"grid-content\">\t\t\t\t\t\t\t\t\t\t\t\t\t\t\t\t\t\t\t\t\t\t\t\t\t\t\t\t\t\t\t\t\t\t\t\t\t\t\t\t\t\t\t\t<h3> <a href=\"https:\/\/www.indien-institut.de\/cms\/staff\/neena-hartmann\/\">Neena Hartmann<\/a><\/h3><div class=\"meta-data\">Ehrenvorstand \/ Honorary Board<\/div><p><\/p><\/div><\/div><\/div><\/div><\/div>\n\n\n\n<p><\/p>\n\n\n\n<p><\/p>\n\n\n\n<div style=\"height:20px\" aria-hidden=\"true\" class=\"wp-block-spacer\"><\/div>\n\n\n\n<blockquote class=\"wp-block-quote is-layout-flow wp-block-quote-is-layout-flow\">\n<p> Wir werden unterst\u00fctzt vom \u201cConsulate General of India, Munich, Germany\u201d. <\/p>\n<\/blockquote>\n\n\n\n<figure class=\"wp-block-image size-full is-resized\"><img decoding=\"async\" width=\"551\" height=\"709\" src=\"https:\/\/www.indien-institut.de\/cms\/wp-content\/uploads\/2025\/06\/Shri-Shatrughna-Sinha-IFS_CGI-1.jpeg\" alt=\"\" class=\"wp-image-2050\" style=\"width:267px;height:auto\" srcset=\"https:\/\/www.indien-institut.de\/cms\/wp-content\/uploads\/2025\/06\/Shri-Shatrughna-Sinha-IFS_CGI-1.jpeg 551w, https:\/\/www.indien-institut.de\/cms\/wp-content\/uploads\/2025\/06\/Shri-Shatrughna-Sinha-IFS_CGI-1-233x300.jpeg 233w\" sizes=\"(max-width: 551px) 100vw, 551px\" \/><\/figure>\n\n\n\n<p><strong>Shri Shatrughna Sinha, IFS<\/strong><\/p>\n\n\n\n<p><em><a href=\"http:\/\/www.CGIMUNICH.com\" target=\"_blank\" rel=\"noreferrer noopener\" aria-label=\"GENERALKONSULAT VON INDIEN (opens in a new tab)\">GENERALKONSULAT VON INDIEN<\/a><\/em><\/p>\n\n\n<div\n\t\t\t\n\t\t\tclass=\"so-widget-sow-social-media-buttons so-widget-sow-social-media-buttons-atom-8728091c5d03\"\n\t\t\t\n\t\t>\n\n<div class=\"social-media-button-container\">\n\t\n\t\t<a \n\t\tclass=\"ow-button-hover sow-social-media-button-facebook-0 sow-social-media-button\" title=\"Facebook\" aria-label=\"Facebook\" target=\"_blank\" rel=\"noopener noreferrer\" href=\"https:\/\/www.facebook.com\/ConsulateGeneralofIndiaMunichGermany\/\" \t\t>\n\t\t\t<span>\n\t\t\t\t\t\t\t\t<span class=\"sow-icon-fontawesome sow-fab\" data-sow-icon=\"&#xf39e;\"\n\t\t \n\t\taria-hidden=\"true\"><\/span>\t\t\t\t\t\t\t<\/span>\n\t\t<\/a>\n\t<\/div>\n<\/div>\n\n\n<div class=\"wp-block-buttons is-layout-flex wp-container-core-buttons-is-layout-2 wp-block-buttons-is-layout-flex\"><\/div>\n\n\n\n<p><\/p>\n","protected":false},"excerpt":{"rendered":"<p>Aufgabe und Ziel des Indien-Instituts e.V. M\u00fcnchen bleibt es, die vielf\u00e4ltigen Kulturen Indiens in ihren vielen traditionellen und zeitgen\u00f6ssischen Aspekten sowie ihre Ver\u00e4nderung zu einer modernen Gesellschaft einer breiten \u00d6ffentlichkeit, vor allem in Bayern, zur Kenntnis zu bringen. Das Indien-Institut bringt sich durch Informationsveranstaltungen und Begegnungsformen als Dialogpartner der beiden L\u00e4nder Indien und Deutschland ein [&hellip;]<\/p>\n","protected":false},"author":1,"featured_media":1390,"parent":0,"menu_order":0,"comment_status":"open","ping_status":"open","template":"template-fullwidth.php","meta":{"footnotes":""},"class_list":["post-13","page","type-page","status-publish","has-post-thumbnail","hentry"],"_links":{"self":[{"href":"https:\/\/www.indien-institut.de\/cms\/wp-json\/wp\/v2\/pages\/13"}],"collection":[{"href":"https:\/\/www.indien-institut.de\/cms\/wp-json\/wp\/v2\/pages"}],"about":[{"href":"https:\/\/www.indien-institut.de\/cms\/wp-json\/wp\/v2\/types\/page"}],"author":[{"embeddable":true,"href":"https:\/\/www.indien-institut.de\/cms\/wp-json\/wp\/v2\/users\/1"}],"replies":[{"embeddable":true,"href":"https:\/\/www.indien-institut.de\/cms\/wp-json\/wp\/v2\/comments?post=13"}],"version-history":[{"count":82,"href":"https:\/\/www.indien-institut.de\/cms\/wp-json\/wp\/v2\/pages\/13\/revisions"}],"predecessor-version":[{"id":3244,"href":"https:\/\/www.indien-institut.de\/cms\/wp-json\/wp\/v2\/pages\/13\/revisions\/3244"}],"wp:featuredmedia":[{"embeddable":true,"href":"https:\/\/www.indien-institut.de\/cms\/wp-json\/wp\/v2\/media\/1390"}],"wp:attachment":[{"href":"https:\/\/www.indien-institut.de\/cms\/wp-json\/wp\/v2\/media?parent=13"}],"curies":[{"name":"wp","href":"https:\/\/api.w.org\/{rel}","templated":true}]}}