{"id":129,"date":"2014-03-04T04:30:04","date_gmt":"2014-03-04T04:30:04","guid":{"rendered":"http:\/\/192.232.247.118\/imithemes.com\/dev\/native-church\/?page_id=129"},"modified":"2025-07-01T08:47:34","modified_gmt":"2025-07-01T08:47:34","slug":"staff","status":"publish","type":"page","link":"https:\/\/www.indien-institut.de\/cms\/about-us\/staff\/","title":{"rendered":"Unser Vorstand"},"content":{"rendered":"<div class=\"row\"><div class=\"col-md-4 col-sm-4\">\t\t\t\t\t\t\t\t\t\t\t\t\t\t\t\t\t\t\t\t\t\t\t\t\t\t\t\t\t\t\t\t\t\t\t\t<div class=\"grid-item staff-item\">\t\t\t\t\t\t\t\t\t\t\t\t\t\t\t\t\t\t\t\t\t\t\t\t\t\t\t\t\t\t\t\t\t\t\t\t\t\t\t\t\t\t<div class=\"grid-item-inner\"><div class=\"media-box\"><a href=\"https:\/\/www.indien-institut.de\/cms\/staff\/francisc-cazan\/\"><img decoding=\"async\" src=\"https:\/\/www.indien-institut.de\/cms\/wp-content\/uploads\/2014\/02\/st.png\" class=\"attachment-full size-full wp-post-image\" alt=\"\" srcset=\"https:\/\/www.indien-institut.de\/cms\/wp-content\/uploads\/2014\/02\/st.png 500w, https:\/\/www.indien-institut.de\/cms\/wp-content\/uploads\/2014\/02\/st-300x180.png 300w\" sizes=\"(max-width: 500px) 100vw, 500px\" \/><\/a><\/div><div class=\"grid-content\">\t\t\t\t\t\t\t\t\t\t\t\t\t\t\t\t\t\t\t\t\t\t\t\t\t\t\t\t\t\t\t\t\t\t\t\t\t\t\t\t\t\t\t\t<h3> <a href=\"https:\/\/www.indien-institut.de\/cms\/staff\/francisc-cazan\/\">Sanjay Tamb\u00e9<\/a><\/h3><div class=\"meta-data\">Vorstand \/ Board Member<\/div><nav class=\"social-icons\"><a href=\"https:\/\/www.facebook.com\/deeyot\" target =\"_blank\"><i class=\"fa fa-facebook\"><\/i><\/a><\/nav><p><\/p><\/div><\/div><\/div><\/div><div class=\"col-md-4 col-sm-4\">\t\t\t\t\t\t\t\t\t\t\t\t\t\t\t\t\t\t\t\t\t\t\t\t\t\t\t\t\t\t\t\t\t\t\t\t<div class=\"grid-item staff-item\">\t\t\t\t\t\t\t\t\t\t\t\t\t\t\t\t\t\t\t\t\t\t\t\t\t\t\t\t\t\t\t\t\t\t\t\t\t\t\t\t\t\t<div class=\"grid-item-inner\"><div class=\"media-box\"><a href=\"https:\/\/www.indien-institut.de\/cms\/staff\/brigitte-molnar-2\/\"><img decoding=\"async\" src=\"https:\/\/www.indien-institut.de\/cms\/wp-content\/uploads\/2024\/08\/B_Molnar-e1750601954353.jpg\" class=\"attachment-full size-full wp-post-image\" alt=\"\" \/><\/a><\/div><div class=\"grid-content\">\t\t\t\t\t\t\t\t\t\t\t\t\t\t\t\t\t\t\t\t\t\t\t\t\t\t\t\t\t\t\t\t\t\t\t\t\t\t\t\t\t\t\t\t<h3> <a href=\"https:\/\/www.indien-institut.de\/cms\/staff\/brigitte-molnar-2\/\">Brigitte Molnar<\/a><\/h3><div class=\"meta-data\">Vorstand \/ Board Member<\/div><p><\/p><\/div><\/div><\/div><\/div><div class=\"col-md-4 col-sm-4\">\t\t\t\t\t\t\t\t\t\t\t\t\t\t\t\t\t\t\t\t\t\t\t\t\t\t\t\t\t\t\t\t\t\t\t\t<div class=\"grid-item staff-item\">\t\t\t\t\t\t\t\t\t\t\t\t\t\t\t\t\t\t\t\t\t\t\t\t\t\t\t\t\t\t\t\t\t\t\t\t\t\t\t\t\t\t<div class=\"grid-item-inner\"><div class=\"media-box\"><a href=\"https:\/\/www.indien-institut.de\/cms\/staff\/atul-arora-2\/\"><img decoding=\"async\" src=\"https:\/\/www.indien-institut.de\/cms\/wp-content\/uploads\/2014\/02\/dummy_userq.png\" class=\"attachment-full size-full wp-post-image\" alt=\"\" srcset=\"https:\/\/www.indien-institut.de\/cms\/wp-content\/uploads\/2014\/02\/dummy_userq.png 500w, https:\/\/www.indien-institut.de\/cms\/wp-content\/uploads\/2014\/02\/dummy_userq-300x180.png 300w\" sizes=\"(max-width: 500px) 100vw, 500px\" \/><\/a><\/div><div class=\"grid-content\">\t\t\t\t\t\t\t\t\t\t\t\t\t\t\t\t\t\t\t\t\t\t\t\t\t\t\t\t\t\t\t\t\t\t\t\t\t\t\t\t\t\t\t\t<h3> <a href=\"https:\/\/www.indien-institut.de\/cms\/staff\/atul-arora-2\/\">Dipl. Ing. Atul Arora<\/a><\/h3><div class=\"meta-data\">Vorstand \/ Board Member<\/div><p><\/p><\/div><\/div><\/div><\/div><div class=\"col-md-4 col-sm-4\">\t\t\t\t\t\t\t\t\t\t\t\t\t\t\t\t\t\t\t\t\t\t\t\t\t\t\t\t\t\t\t\t\t\t\t\t<div class=\"grid-item staff-item\">\t\t\t\t\t\t\t\t\t\t\t\t\t\t\t\t\t\t\t\t\t\t\t\t\t\t\t\t\t\t\t\t\t\t\t\t\t\t\t\t\t\t<div class=\"grid-item-inner\"><div class=\"media-box\"><a href=\"https:\/\/www.indien-institut.de\/cms\/staff\/shubhada\/\"><img decoding=\"async\" src=\"https:\/\/www.indien-institut.de\/cms\/wp-content\/uploads\/2024\/08\/Natyayoga-2-e1751368982404.jpg\" class=\"attachment-full size-full wp-post-image\" alt=\"\" srcset=\"https:\/\/www.indien-institut.de\/cms\/wp-content\/uploads\/2024\/08\/Natyayoga-2-e1751368982404.jpg 1064w, https:\/\/www.indien-institut.de\/cms\/wp-content\/uploads\/2024\/08\/Natyayoga-2-e1751368982404-300x179.jpg 300w, https:\/\/www.indien-institut.de\/cms\/wp-content\/uploads\/2024\/08\/Natyayoga-2-e1751368982404-768x459.jpg 768w, https:\/\/www.indien-institut.de\/cms\/wp-content\/uploads\/2024\/08\/Natyayoga-2-e1751368982404-1024x612.jpg 1024w, https:\/\/www.indien-institut.de\/cms\/wp-content\/uploads\/2024\/08\/Natyayoga-2-e1751368982404-958x573.jpg 958w\" sizes=\"(max-width: 1064px) 100vw, 1064px\" \/><\/a><\/div><div class=\"grid-content\">\t\t\t\t\t\t\t\t\t\t\t\t\t\t\t\t\t\t\t\t\t\t\t\t\t\t\t\t\t\t\t\t\t\t\t\t\t\t\t\t\t\t\t\t<h3> <a href=\"https:\/\/www.indien-institut.de\/cms\/staff\/shubhada\/\">Shubhada S.<\/a><\/h3><nav class=\"social-icons\"><a href=\"https:\/\/www.facebook.com\/\" target =\"_blank\"><i class=\"fa fa-facebook\"><\/i><\/a><a href=\"https:\/\/twitter.com\/\" target =\"_blank\"><i class=\"fa fa-twitter\"><\/i><\/a><a href=\"https:\/\/plus.google.com\/\" target =\"_blank\"><i class=\"fa fa-google-plus\"><\/i><\/a><a href=\"https:\/\/www.pinterest.com\/\" target =\"_blank\"><i class=\"fa fa-pinterest\"><\/i><\/a><\/nav><p>Beiratsvorsitz, K\u00fcnstlerin, Gr\u00fcnderin Natya Fest M\u00fcnchen \/ Chair of the Advisory Board, Artist, Founder of Natya Fest Munich<\/p><\/div><\/div><\/div><\/div><\/div>\n","protected":false},"excerpt":{"rendered":"","protected":false},"author":1,"featured_media":1394,"parent":13,"menu_order":0,"comment_status":"open","ping_status":"closed","template":"template-fullwidth.php","meta":{"footnotes":""},"class_list":["post-129","page","type-page","status-publish","has-post-thumbnail","hentry"],"_links":{"self":[{"href":"https:\/\/www.indien-institut.de\/cms\/wp-json\/wp\/v2\/pages\/129"}],"collection":[{"href":"https:\/\/www.indien-institut.de\/cms\/wp-json\/wp\/v2\/pages"}],"about":[{"href":"https:\/\/www.indien-institut.de\/cms\/wp-json\/wp\/v2\/types\/page"}],"author":[{"embeddable":true,"href":"https:\/\/www.indien-institut.de\/cms\/wp-json\/wp\/v2\/users\/1"}],"replies":[{"embeddable":true,"href":"https:\/\/www.indien-institut.de\/cms\/wp-json\/wp\/v2\/comments?post=129"}],"version-history":[{"count":6,"href":"https:\/\/www.indien-institut.de\/cms\/wp-json\/wp\/v2\/pages\/129\/revisions"}],"predecessor-version":[{"id":2205,"href":"https:\/\/www.indien-institut.de\/cms\/wp-json\/wp\/v2\/pages\/129\/revisions\/2205"}],"up":[{"embeddable":true,"href":"https:\/\/www.indien-institut.de\/cms\/wp-json\/wp\/v2\/pages\/13"}],"wp:featuredmedia":[{"embeddable":true,"href":"https:\/\/www.indien-institut.de\/cms\/wp-json\/wp\/v2\/media\/1394"}],"wp:attachment":[{"href":"https:\/\/www.indien-institut.de\/cms\/wp-json\/wp\/v2\/media?parent=129"}],"curies":[{"name":"wp","href":"https:\/\/api.w.org\/{rel}","templated":true}]}}